{"id":28,"date":"2025-11-25T11:30:48","date_gmt":"2025-11-25T10:30:48","guid":{"rendered":"https:\/\/interne.bcopin.com\/websites\/wordpress\/?page_id=28"},"modified":"2025-11-26T08:40:00","modified_gmt":"2025-11-26T07:40:00","slug":"mentions-legales","status":"publish","type":"page","link":"https:\/\/www.bcopin.com\/?page_id=28","title":{"rendered":"Mentions L\u00e9gales"},"content":{"rendered":"\n<p><strong><em>En vigueur au 01\/08\/2023<\/em><\/strong><\/p>\n\n\n\n<p>Conform\u00e9ment aux dispositions des Articles 6-III et 19 de la Loi n\u00b02004-575 du 21 juin 2004 pour la Confiance dans l\u2019\u00e9conomie num\u00e9rique, dite L.C.E.N., il est port\u00e9 \u00e0 la connaissance des utilisateurs et visiteurs, ci-apr\u00e8s l\u00a0\u00bb\u00a0\u00bbUtilisateur\u00a0\u00bb, du site www.bcopin.com , ci-apr\u00e8s le \u00ab\u00a0Site\u00a0\u00bb, les pr\u00e9sentes mentions l\u00e9gales.<br><br>La connexion et la navigation sur le Site par l\u2019Utilisateur implique acceptation int\u00e9grale et sans r\u00e9serve des pr\u00e9sentes mentions l\u00e9gales.<br><br>Ces derni\u00e8res sont accessibles sur le Site \u00e0 la rubrique \u00ab Mentions l\u00e9gales \u00bb.<br><br><strong>ARTICLE 0 &#8211; LA SOCIETE<\/strong><br><br>BCOPIN &#8211; Bertrand COPIN EI<br><br>13 Grande rue<br>80360 Combles<br><br>978 234 136 R.C.S Amiens<br>TVA : FR 12 978 234 136<br>NDA : 32800237180<br><br><strong>ARTICLE 1 &#8211; L&rsquo;EDITEUR<\/strong><br><br>L\u2019\u00e9dition et la direction de la publication du Site est assur\u00e9e par :<br><br>Bertrand Copin<br>13 Grande rue 80360 Combles<br>conseils@bcopin.com<br><br>ci-apr\u00e8s l'\u00a0\u00bbEditeur\u00a0\u00bb.<br><br><strong>ARTICLE 2 &#8211; L&rsquo;HEBERGEUR<\/strong><br><br>L&rsquo;h\u00e9bergeur du Site est la soci\u00e9t\u00e9 : BCOPIN &#8211; Bertrand COPIN EI<br>13 Grande rue<br>80360 Combles<br>T\u00e9l\u00e9phone : 07 63 53 46 81<br><br><strong>ARTICLE 3 &#8211; ACCES AU SITE<\/strong><br><br>Le Site est accessible en tout endroit, 7j\/7, 24h\/24 sauf cas de force majeure, interruption programm\u00e9e ou non et pouvant d\u00e9couler d\u2019une n\u00e9cessit\u00e9 de maintenance.<br><br>En cas de modification, interruption ou suspension du Site, l&rsquo;Editeur ne saurait \u00eatre tenu responsable.<br><br><strong>ARTICLE 4 &#8211; COLLECTE DES DONNEES<\/strong><br><br>Le site est exempt\u00e9 de d\u00e9claration \u00e0 la Commission Nationale Informatique et Libert\u00e9s (CNIL) dans la mesure o\u00f9 il ne collecte aucune donn\u00e9e concernant les utilisateurs.<br><br>Toute utilisation, reproduction, diffusion, commercialisation, modification de toute ou partie du Site, sans autorisation de l\u2019Editeur est prohib\u00e9e et pourra entra\u00een\u00e9e des actions et poursuites judiciaires telles que notamment pr\u00e9vues par le Code de la propri\u00e9t\u00e9 intellectuelle et le Code civil.<\/p>\n","protected":false},"excerpt":{"rendered":"<p>En vigueur au 01\/08\/2023 Conform\u00e9ment aux dispositions des Articles 6-III et 19 de la Loi n\u00b02004-575 du 21 juin 2004 pour la Confiance dans l\u2019\u00e9conomie num\u00e9rique, dite L.C.E.N., il est port\u00e9 \u00e0 la connaissance des utilisateurs et visiteurs, ci-apr\u00e8s l\u00a0\u00bb\u00a0\u00bbUtilisateur\u00a0\u00bb, du site www.bcopin.com , ci-apr\u00e8s le \u00ab\u00a0Site\u00a0\u00bb, les pr\u00e9sentes mentions l\u00e9gales. La connexion et la [&hellip;]<\/p>\n","protected":false},"author":1,"featured_media":0,"parent":0,"menu_order":0,"comment_status":"closed","ping_status":"closed","template":"","meta":{"footnotes":""},"class_list":["post-28","page","type-page","status-publish","hentry"],"yoast_head":"<!-- This site is optimized with the Yoast SEO plugin v27.2 - https:\/\/yoast.com\/product\/yoast-seo-wordpress\/ -->\n<title>Mentions L\u00e9gales - BCOPIN Cybers\u00e9curit\u00e9 &amp; Syst\u00e8mes<\/title>\n<meta name=\"robots\" content=\"index, follow, max-snippet:-1, max-image-preview:large, max-video-preview:-1\" \/>\n<link rel=\"canonical\" href=\"https:\/\/www.bcopin.com\/?page_id=28\" \/>\n<meta property=\"og:locale\" content=\"fr_FR\" \/>\n<meta property=\"og:type\" content=\"article\" \/>\n<meta property=\"og:title\" content=\"Mentions L\u00e9gales - BCOPIN Cybers\u00e9curit\u00e9 &amp; Syst\u00e8mes\" \/>\n<meta property=\"og:description\" content=\"En vigueur au 01\/08\/2023 Conform\u00e9ment aux dispositions des Articles 6-III et 19 de la Loi n\u00b02004-575 du 21 juin 2004 pour la Confiance dans l\u2019\u00e9conomie num\u00e9rique, dite L.C.E.N., il est port\u00e9 \u00e0 la connaissance des utilisateurs et visiteurs, ci-apr\u00e8s l\u00a0\u00bb\u00a0\u00bbUtilisateur\u00a0\u00bb, du site www.bcopin.com , ci-apr\u00e8s le \u00ab\u00a0Site\u00a0\u00bb, les pr\u00e9sentes mentions l\u00e9gales. La connexion et la [&hellip;]\" \/>\n<meta property=\"og:url\" content=\"https:\/\/www.bcopin.com\/?page_id=28\" \/>\n<meta property=\"og:site_name\" content=\"BCOPIN Cybers\u00e9curit\u00e9 &amp; Syst\u00e8mes\" \/>\n<meta property=\"article:modified_time\" content=\"2025-11-26T07:40:00+00:00\" \/>\n<meta name=\"twitter:card\" content=\"summary_large_image\" \/>\n<meta name=\"twitter:label1\" content=\"Dur\u00e9e de lecture estim\u00e9e\" \/>\n\t<meta name=\"twitter:data1\" content=\"1 minute\" \/>\n<script type=\"application\/ld+json\" class=\"yoast-schema-graph\">{\"@context\":\"https:\/\/schema.org\",\"@graph\":[{\"@type\":\"WebPage\",\"@id\":\"https:\/\/www.bcopin.com\/?page_id=28\",\"url\":\"https:\/\/www.bcopin.com\/?page_id=28\",\"name\":\"Mentions L\u00e9gales - BCOPIN Cybers\u00e9curit\u00e9 &amp; Syst\u00e8mes\",\"isPartOf\":{\"@id\":\"https:\/\/www.bcopin.com\/#website\"},\"datePublished\":\"2025-11-25T10:30:48+00:00\",\"dateModified\":\"2025-11-26T07:40:00+00:00\",\"breadcrumb\":{\"@id\":\"https:\/\/www.bcopin.com\/?page_id=28#breadcrumb\"},\"inLanguage\":\"fr-FR\",\"potentialAction\":[{\"@type\":\"ReadAction\",\"target\":[\"https:\/\/www.bcopin.com\/?page_id=28\"]}]},{\"@type\":\"BreadcrumbList\",\"@id\":\"https:\/\/www.bcopin.com\/?page_id=28#breadcrumb\",\"itemListElement\":[{\"@type\":\"ListItem\",\"position\":1,\"name\":\"Accueil\",\"item\":\"https:\/\/www.bcopin.com\/\"},{\"@type\":\"ListItem\",\"position\":2,\"name\":\"Mentions L\u00e9gales\"}]},{\"@type\":\"WebSite\",\"@id\":\"https:\/\/www.bcopin.com\/#website\",\"url\":\"https:\/\/www.bcopin.com\/\",\"name\":\"BCOPIN - Bertrand COPIN EI\",\"description\":\"Cybers\u00e9curit\u00e9 &amp; Syst\u00e8mes\",\"publisher\":{\"@id\":\"https:\/\/www.bcopin.com\/#organization\"},\"potentialAction\":[{\"@type\":\"SearchAction\",\"target\":{\"@type\":\"EntryPoint\",\"urlTemplate\":\"https:\/\/www.bcopin.com\/?s={search_term_string}\"},\"query-input\":{\"@type\":\"PropertyValueSpecification\",\"valueRequired\":true,\"valueName\":\"search_term_string\"}}],\"inLanguage\":\"fr-FR\"},{\"@type\":\"Organization\",\"@id\":\"https:\/\/www.bcopin.com\/#organization\",\"name\":\"BCOPIN - Bertrand COPIN EI\",\"url\":\"https:\/\/www.bcopin.com\/\",\"logo\":{\"@type\":\"ImageObject\",\"inLanguage\":\"fr-FR\",\"@id\":\"https:\/\/www.bcopin.com\/#\/schema\/logo\/image\/\",\"url\":\"https:\/\/interne.bcopin.com\/websites\/wordpress\/wp-content\/uploads\/2025\/11\/logo-seul.png\",\"contentUrl\":\"https:\/\/interne.bcopin.com\/websites\/wordpress\/wp-content\/uploads\/2025\/11\/logo-seul.png\",\"width\":863,\"height\":444,\"caption\":\"BCOPIN - Bertrand COPIN EI\"},\"image\":{\"@id\":\"https:\/\/www.bcopin.com\/#\/schema\/logo\/image\/\"},\"sameAs\":[\"https:\/\/www.linkedin.com\/in\/bertrand-copin\/\"]}]}<\/script>\n<!-- \/ Yoast SEO plugin. -->","yoast_head_json":{"title":"Mentions L\u00e9gales - BCOPIN Cybers\u00e9curit\u00e9 &amp; Syst\u00e8mes","robots":{"index":"index","follow":"follow","max-snippet":"max-snippet:-1","max-image-preview":"max-image-preview:large","max-video-preview":"max-video-preview:-1"},"canonical":"https:\/\/www.bcopin.com\/?page_id=28","og_locale":"fr_FR","og_type":"article","og_title":"Mentions L\u00e9gales - BCOPIN Cybers\u00e9curit\u00e9 &amp; Syst\u00e8mes","og_description":"En vigueur au 01\/08\/2023 Conform\u00e9ment aux dispositions des Articles 6-III et 19 de la Loi n\u00b02004-575 du 21 juin 2004 pour la Confiance dans l\u2019\u00e9conomie num\u00e9rique, dite L.C.E.N., il est port\u00e9 \u00e0 la connaissance des utilisateurs et visiteurs, ci-apr\u00e8s l\u00a0\u00bb\u00a0\u00bbUtilisateur\u00a0\u00bb, du site www.bcopin.com , ci-apr\u00e8s le \u00ab\u00a0Site\u00a0\u00bb, les pr\u00e9sentes mentions l\u00e9gales. La connexion et la [&hellip;]","og_url":"https:\/\/www.bcopin.com\/?page_id=28","og_site_name":"BCOPIN Cybers\u00e9curit\u00e9 &amp; Syst\u00e8mes","article_modified_time":"2025-11-26T07:40:00+00:00","twitter_card":"summary_large_image","twitter_misc":{"Dur\u00e9e de lecture estim\u00e9e":"1 minute"},"schema":{"@context":"https:\/\/schema.org","@graph":[{"@type":"WebPage","@id":"https:\/\/www.bcopin.com\/?page_id=28","url":"https:\/\/www.bcopin.com\/?page_id=28","name":"Mentions L\u00e9gales - BCOPIN Cybers\u00e9curit\u00e9 &amp; Syst\u00e8mes","isPartOf":{"@id":"https:\/\/www.bcopin.com\/#website"},"datePublished":"2025-11-25T10:30:48+00:00","dateModified":"2025-11-26T07:40:00+00:00","breadcrumb":{"@id":"https:\/\/www.bcopin.com\/?page_id=28#breadcrumb"},"inLanguage":"fr-FR","potentialAction":[{"@type":"ReadAction","target":["https:\/\/www.bcopin.com\/?page_id=28"]}]},{"@type":"BreadcrumbList","@id":"https:\/\/www.bcopin.com\/?page_id=28#breadcrumb","itemListElement":[{"@type":"ListItem","position":1,"name":"Accueil","item":"https:\/\/www.bcopin.com\/"},{"@type":"ListItem","position":2,"name":"Mentions L\u00e9gales"}]},{"@type":"WebSite","@id":"https:\/\/www.bcopin.com\/#website","url":"https:\/\/www.bcopin.com\/","name":"BCOPIN - Bertrand COPIN EI","description":"Cybers\u00e9curit\u00e9 &amp; Syst\u00e8mes","publisher":{"@id":"https:\/\/www.bcopin.com\/#organization"},"potentialAction":[{"@type":"SearchAction","target":{"@type":"EntryPoint","urlTemplate":"https:\/\/www.bcopin.com\/?s={search_term_string}"},"query-input":{"@type":"PropertyValueSpecification","valueRequired":true,"valueName":"search_term_string"}}],"inLanguage":"fr-FR"},{"@type":"Organization","@id":"https:\/\/www.bcopin.com\/#organization","name":"BCOPIN - Bertrand COPIN EI","url":"https:\/\/www.bcopin.com\/","logo":{"@type":"ImageObject","inLanguage":"fr-FR","@id":"https:\/\/www.bcopin.com\/#\/schema\/logo\/image\/","url":"https:\/\/interne.bcopin.com\/websites\/wordpress\/wp-content\/uploads\/2025\/11\/logo-seul.png","contentUrl":"https:\/\/interne.bcopin.com\/websites\/wordpress\/wp-content\/uploads\/2025\/11\/logo-seul.png","width":863,"height":444,"caption":"BCOPIN - Bertrand COPIN EI"},"image":{"@id":"https:\/\/www.bcopin.com\/#\/schema\/logo\/image\/"},"sameAs":["https:\/\/www.linkedin.com\/in\/bertrand-copin\/"]}]}},"_links":{"self":[{"href":"https:\/\/www.bcopin.com\/index.php?rest_route=\/wp\/v2\/pages\/28","targetHints":{"allow":["GET"]}}],"collection":[{"href":"https:\/\/www.bcopin.com\/index.php?rest_route=\/wp\/v2\/pages"}],"about":[{"href":"https:\/\/www.bcopin.com\/index.php?rest_route=\/wp\/v2\/types\/page"}],"author":[{"embeddable":true,"href":"https:\/\/www.bcopin.com\/index.php?rest_route=\/wp\/v2\/users\/1"}],"replies":[{"embeddable":true,"href":"https:\/\/www.bcopin.com\/index.php?rest_route=%2Fwp%2Fv2%2Fcomments&post=28"}],"version-history":[{"count":3,"href":"https:\/\/www.bcopin.com\/index.php?rest_route=\/wp\/v2\/pages\/28\/revisions"}],"predecessor-version":[{"id":151,"href":"https:\/\/www.bcopin.com\/index.php?rest_route=\/wp\/v2\/pages\/28\/revisions\/151"}],"wp:attachment":[{"href":"https:\/\/www.bcopin.com\/index.php?rest_route=%2Fwp%2Fv2%2Fmedia&parent=28"}],"curies":[{"name":"wp","href":"https:\/\/api.w.org\/{rel}","templated":true}]}}