{"id":32,"date":"2025-11-25T11:36:41","date_gmt":"2025-11-25T10:36:41","guid":{"rendered":"https:\/\/interne.bcopin.com\/websites\/wordpress\/?page_id=32"},"modified":"2026-01-19T14:48:15","modified_gmt":"2026-01-19T13:48:15","slug":"formations","status":"publish","type":"page","link":"https:\/\/www.bcopin.com\/?page_id=32","title":{"rendered":"Formations"},"content":{"rendered":"\n<div class=\"wp-block-columns is-layout-flex wp-container-core-columns-is-layout-28f84493 wp-block-columns-is-layout-flex\">\n<div class=\"wp-block-column is-layout-flow wp-block-column-is-layout-flow\">\n<h2 class=\"wp-block-heading\">Formations aux entreprises<\/h2>\n\n\n\n<p>&#8211; Sensibilisation Cybers\u00e8curit\u00e9<br>&#8211; Les bases de Linux<br>&#8211; Qu&rsquo;est ce que la virtualisation<br>&#8211; Proxmox<br>&#8211; vMware vSphere<br>&#8211; D\u00e9ployer un poste de travail (Windows\/Linux)<br>&#8211; Administration syst\u00e8mes (Linux \/ Windows)<br>&#8211; Les r\u00e9seaux<br><\/p>\n\n\n\n<h2 class=\"wp-block-heading\">Titres RNCP<\/h2>\n\n\n\n<p>&#8211; Technicien (ne) Sup\u00e9rieur Syst\u00e8mes et R\u00e9seaux (TSSR)<br>&#8211; Technicien d&rsquo;assistance en informatique (TAI)<br>&#8211; BTS Services Informatiques aux Organisations (SIO)<br>&#8211; Administrateur d&rsquo;infrastructures s\u00e9curis\u00e9es (AIS)<br><\/p>\n\n\n\n<h2 class=\"wp-block-heading\">Module sur-mesure<\/h2>\n\n\n\n<p>Vous avez un besoin particulier, nous travaillons ensemble afin de cr\u00e9er le module de formation qui vous convient et permettra a vos collaborateur d&rsquo;avoir des connaissances adapt\u00e9 a votre organisation.<\/p>\n<\/div>\n\n\n\n<div class=\"wp-block-column is-layout-flow wp-block-column-is-layout-flow\">\n<figure class=\"wp-block-image aligncenter size-large\"><img loading=\"lazy\" decoding=\"async\" width=\"1024\" height=\"683\" src=\"https:\/\/interne.bcopin.com\/websites\/wordpress\/wp-content\/uploads\/2025\/11\/training-linux-1024x683.jpg\" alt=\"\" class=\"wp-image-33\" srcset=\"https:\/\/www.bcopin.com\/wp-content\/uploads\/2025\/11\/training-linux-1024x683.jpg 1024w, https:\/\/www.bcopin.com\/wp-content\/uploads\/2025\/11\/training-linux-300x200.jpg 300w, https:\/\/www.bcopin.com\/wp-content\/uploads\/2025\/11\/training-linux-768x512.jpg 768w, https:\/\/www.bcopin.com\/wp-content\/uploads\/2025\/11\/training-linux.jpg 1200w\" sizes=\"auto, (max-width: 1024px) 100vw, 1024px\" \/><\/figure>\n<\/div>\n<\/div>\n\n\n\n<hr class=\"wp-block-separator has-alpha-channel-opacity\"\/>\n\n\n\n<p><\/p>\n\n\n\n<div class=\"wp-block-columns has-border-color-background-color has-background is-layout-flex wp-container-core-columns-is-layout-28f84493 wp-block-columns-is-layout-flex\">\n<div class=\"wp-block-column is-layout-flow wp-block-column-is-layout-flow\">\n<p>Bilan formation 2025<\/p>\n\n\n\n<ul class=\"wp-block-list\">\n<li>388 Apprenants<\/li>\n\n\n\n<li>4 Centres de formation<\/li>\n\n\n\n<li>3 Entreprises<\/li>\n\n\n\n<li>1159 heures de formation<\/li>\n<\/ul>\n<\/div>\n\n\n\n<div class=\"wp-block-column is-layout-flow wp-block-column-is-layout-flow\">\n<p>Satisfaction apprenants<\/p>\n\n\n\n<p>86 %<\/p>\n<\/div>\n<\/div>\n","protected":false},"excerpt":{"rendered":"<p>Formations aux entreprises &#8211; Sensibilisation Cybers\u00e8curit\u00e9&#8211; Les bases de Linux&#8211; Qu&rsquo;est ce que la virtualisation&#8211; Proxmox&#8211; vMware vSphere&#8211; D\u00e9ployer un poste de travail (Windows\/Linux)&#8211; Administration syst\u00e8mes (Linux \/ Windows)&#8211; Les r\u00e9seaux Titres RNCP &#8211; Technicien (ne) Sup\u00e9rieur Syst\u00e8mes et R\u00e9seaux (TSSR)&#8211; Technicien d&rsquo;assistance en informatique (TAI)&#8211; BTS Services Informatiques aux Organisations (SIO)&#8211; Administrateur d&rsquo;infrastructures s\u00e9curis\u00e9es [&hellip;]<\/p>\n","protected":false},"author":1,"featured_media":0,"parent":0,"menu_order":0,"comment_status":"closed","ping_status":"closed","template":"","meta":{"footnotes":""},"class_list":["post-32","page","type-page","status-publish","hentry"],"yoast_head":"<!-- This site is optimized with the Yoast SEO plugin v27.2 - https:\/\/yoast.com\/product\/yoast-seo-wordpress\/ -->\n<title>Formations - BCOPIN Cybers\u00e9curit\u00e9 &amp; Syst\u00e8mes<\/title>\n<meta name=\"robots\" content=\"index, follow, max-snippet:-1, max-image-preview:large, max-video-preview:-1\" \/>\n<link rel=\"canonical\" href=\"https:\/\/www.bcopin.com\/?page_id=32\" \/>\n<meta property=\"og:locale\" content=\"fr_FR\" \/>\n<meta property=\"og:type\" content=\"article\" \/>\n<meta property=\"og:title\" content=\"Formations - BCOPIN Cybers\u00e9curit\u00e9 &amp; Syst\u00e8mes\" \/>\n<meta property=\"og:description\" content=\"Formations aux entreprises &#8211; Sensibilisation Cybers\u00e8curit\u00e9&#8211; Les bases de Linux&#8211; Qu&rsquo;est ce que la virtualisation&#8211; Proxmox&#8211; vMware vSphere&#8211; D\u00e9ployer un poste de travail (Windows\/Linux)&#8211; Administration syst\u00e8mes (Linux \/ Windows)&#8211; Les r\u00e9seaux Titres RNCP &#8211; Technicien (ne) Sup\u00e9rieur Syst\u00e8mes et R\u00e9seaux (TSSR)&#8211; Technicien d&rsquo;assistance en informatique (TAI)&#8211; BTS Services Informatiques aux Organisations (SIO)&#8211; Administrateur d&rsquo;infrastructures s\u00e9curis\u00e9es [&hellip;]\" \/>\n<meta property=\"og:url\" content=\"https:\/\/www.bcopin.com\/?page_id=32\" \/>\n<meta property=\"og:site_name\" content=\"BCOPIN Cybers\u00e9curit\u00e9 &amp; Syst\u00e8mes\" \/>\n<meta property=\"article:modified_time\" content=\"2026-01-19T13:48:15+00:00\" \/>\n<meta property=\"og:image\" content=\"https:\/\/www.bcopin.com\/wp-content\/uploads\/2025\/11\/training-linux.jpg\" \/>\n\t<meta property=\"og:image:width\" content=\"1200\" \/>\n\t<meta property=\"og:image:height\" content=\"800\" \/>\n\t<meta property=\"og:image:type\" content=\"image\/jpeg\" \/>\n<meta name=\"twitter:card\" content=\"summary_large_image\" \/>\n<meta name=\"twitter:label1\" content=\"Dur\u00e9e de lecture estim\u00e9e\" \/>\n\t<meta name=\"twitter:data1\" content=\"1 minute\" \/>\n<script type=\"application\/ld+json\" class=\"yoast-schema-graph\">{\"@context\":\"https:\/\/schema.org\",\"@graph\":[{\"@type\":\"WebPage\",\"@id\":\"https:\/\/www.bcopin.com\/?page_id=32\",\"url\":\"https:\/\/www.bcopin.com\/?page_id=32\",\"name\":\"Formations - BCOPIN Cybers\u00e9curit\u00e9 &amp; Syst\u00e8mes\",\"isPartOf\":{\"@id\":\"https:\/\/www.bcopin.com\/#website\"},\"primaryImageOfPage\":{\"@id\":\"https:\/\/www.bcopin.com\/?page_id=32#primaryimage\"},\"image\":{\"@id\":\"https:\/\/www.bcopin.com\/?page_id=32#primaryimage\"},\"thumbnailUrl\":\"https:\/\/interne.bcopin.com\/websites\/wordpress\/wp-content\/uploads\/2025\/11\/training-linux-1024x683.jpg\",\"datePublished\":\"2025-11-25T10:36:41+00:00\",\"dateModified\":\"2026-01-19T13:48:15+00:00\",\"breadcrumb\":{\"@id\":\"https:\/\/www.bcopin.com\/?page_id=32#breadcrumb\"},\"inLanguage\":\"fr-FR\",\"potentialAction\":[{\"@type\":\"ReadAction\",\"target\":[\"https:\/\/www.bcopin.com\/?page_id=32\"]}]},{\"@type\":\"ImageObject\",\"inLanguage\":\"fr-FR\",\"@id\":\"https:\/\/www.bcopin.com\/?page_id=32#primaryimage\",\"url\":\"https:\/\/interne.bcopin.com\/websites\/wordpress\/wp-content\/uploads\/2025\/11\/training-linux-1024x683.jpg\",\"contentUrl\":\"https:\/\/interne.bcopin.com\/websites\/wordpress\/wp-content\/uploads\/2025\/11\/training-linux-1024x683.jpg\"},{\"@type\":\"BreadcrumbList\",\"@id\":\"https:\/\/www.bcopin.com\/?page_id=32#breadcrumb\",\"itemListElement\":[{\"@type\":\"ListItem\",\"position\":1,\"name\":\"Accueil\",\"item\":\"https:\/\/www.bcopin.com\/\"},{\"@type\":\"ListItem\",\"position\":2,\"name\":\"Formations\"}]},{\"@type\":\"WebSite\",\"@id\":\"https:\/\/www.bcopin.com\/#website\",\"url\":\"https:\/\/www.bcopin.com\/\",\"name\":\"BCOPIN - Bertrand COPIN EI\",\"description\":\"Cybers\u00e9curit\u00e9 &amp; Syst\u00e8mes\",\"publisher\":{\"@id\":\"https:\/\/www.bcopin.com\/#organization\"},\"potentialAction\":[{\"@type\":\"SearchAction\",\"target\":{\"@type\":\"EntryPoint\",\"urlTemplate\":\"https:\/\/www.bcopin.com\/?s={search_term_string}\"},\"query-input\":{\"@type\":\"PropertyValueSpecification\",\"valueRequired\":true,\"valueName\":\"search_term_string\"}}],\"inLanguage\":\"fr-FR\"},{\"@type\":\"Organization\",\"@id\":\"https:\/\/www.bcopin.com\/#organization\",\"name\":\"BCOPIN - Bertrand COPIN EI\",\"url\":\"https:\/\/www.bcopin.com\/\",\"logo\":{\"@type\":\"ImageObject\",\"inLanguage\":\"fr-FR\",\"@id\":\"https:\/\/www.bcopin.com\/#\/schema\/logo\/image\/\",\"url\":\"https:\/\/interne.bcopin.com\/websites\/wordpress\/wp-content\/uploads\/2025\/11\/logo-seul.png\",\"contentUrl\":\"https:\/\/interne.bcopin.com\/websites\/wordpress\/wp-content\/uploads\/2025\/11\/logo-seul.png\",\"width\":863,\"height\":444,\"caption\":\"BCOPIN - Bertrand COPIN EI\"},\"image\":{\"@id\":\"https:\/\/www.bcopin.com\/#\/schema\/logo\/image\/\"},\"sameAs\":[\"https:\/\/www.linkedin.com\/in\/bertrand-copin\/\"]}]}<\/script>\n<!-- \/ Yoast SEO plugin. -->","yoast_head_json":{"title":"Formations - BCOPIN Cybers\u00e9curit\u00e9 &amp; Syst\u00e8mes","robots":{"index":"index","follow":"follow","max-snippet":"max-snippet:-1","max-image-preview":"max-image-preview:large","max-video-preview":"max-video-preview:-1"},"canonical":"https:\/\/www.bcopin.com\/?page_id=32","og_locale":"fr_FR","og_type":"article","og_title":"Formations - BCOPIN Cybers\u00e9curit\u00e9 &amp; Syst\u00e8mes","og_description":"Formations aux entreprises &#8211; Sensibilisation Cybers\u00e8curit\u00e9&#8211; Les bases de Linux&#8211; Qu&rsquo;est ce que la virtualisation&#8211; Proxmox&#8211; vMware vSphere&#8211; D\u00e9ployer un poste de travail (Windows\/Linux)&#8211; Administration syst\u00e8mes (Linux \/ Windows)&#8211; Les r\u00e9seaux Titres RNCP &#8211; Technicien (ne) Sup\u00e9rieur Syst\u00e8mes et R\u00e9seaux (TSSR)&#8211; Technicien d&rsquo;assistance en informatique (TAI)&#8211; BTS Services Informatiques aux Organisations (SIO)&#8211; Administrateur d&rsquo;infrastructures s\u00e9curis\u00e9es [&hellip;]","og_url":"https:\/\/www.bcopin.com\/?page_id=32","og_site_name":"BCOPIN Cybers\u00e9curit\u00e9 &amp; Syst\u00e8mes","article_modified_time":"2026-01-19T13:48:15+00:00","og_image":[{"width":1200,"height":800,"url":"https:\/\/www.bcopin.com\/wp-content\/uploads\/2025\/11\/training-linux.jpg","type":"image\/jpeg"}],"twitter_card":"summary_large_image","twitter_misc":{"Dur\u00e9e de lecture estim\u00e9e":"1 minute"},"schema":{"@context":"https:\/\/schema.org","@graph":[{"@type":"WebPage","@id":"https:\/\/www.bcopin.com\/?page_id=32","url":"https:\/\/www.bcopin.com\/?page_id=32","name":"Formations - BCOPIN Cybers\u00e9curit\u00e9 &amp; Syst\u00e8mes","isPartOf":{"@id":"https:\/\/www.bcopin.com\/#website"},"primaryImageOfPage":{"@id":"https:\/\/www.bcopin.com\/?page_id=32#primaryimage"},"image":{"@id":"https:\/\/www.bcopin.com\/?page_id=32#primaryimage"},"thumbnailUrl":"https:\/\/interne.bcopin.com\/websites\/wordpress\/wp-content\/uploads\/2025\/11\/training-linux-1024x683.jpg","datePublished":"2025-11-25T10:36:41+00:00","dateModified":"2026-01-19T13:48:15+00:00","breadcrumb":{"@id":"https:\/\/www.bcopin.com\/?page_id=32#breadcrumb"},"inLanguage":"fr-FR","potentialAction":[{"@type":"ReadAction","target":["https:\/\/www.bcopin.com\/?page_id=32"]}]},{"@type":"ImageObject","inLanguage":"fr-FR","@id":"https:\/\/www.bcopin.com\/?page_id=32#primaryimage","url":"https:\/\/interne.bcopin.com\/websites\/wordpress\/wp-content\/uploads\/2025\/11\/training-linux-1024x683.jpg","contentUrl":"https:\/\/interne.bcopin.com\/websites\/wordpress\/wp-content\/uploads\/2025\/11\/training-linux-1024x683.jpg"},{"@type":"BreadcrumbList","@id":"https:\/\/www.bcopin.com\/?page_id=32#breadcrumb","itemListElement":[{"@type":"ListItem","position":1,"name":"Accueil","item":"https:\/\/www.bcopin.com\/"},{"@type":"ListItem","position":2,"name":"Formations"}]},{"@type":"WebSite","@id":"https:\/\/www.bcopin.com\/#website","url":"https:\/\/www.bcopin.com\/","name":"BCOPIN - Bertrand COPIN EI","description":"Cybers\u00e9curit\u00e9 &amp; Syst\u00e8mes","publisher":{"@id":"https:\/\/www.bcopin.com\/#organization"},"potentialAction":[{"@type":"SearchAction","target":{"@type":"EntryPoint","urlTemplate":"https:\/\/www.bcopin.com\/?s={search_term_string}"},"query-input":{"@type":"PropertyValueSpecification","valueRequired":true,"valueName":"search_term_string"}}],"inLanguage":"fr-FR"},{"@type":"Organization","@id":"https:\/\/www.bcopin.com\/#organization","name":"BCOPIN - Bertrand COPIN EI","url":"https:\/\/www.bcopin.com\/","logo":{"@type":"ImageObject","inLanguage":"fr-FR","@id":"https:\/\/www.bcopin.com\/#\/schema\/logo\/image\/","url":"https:\/\/interne.bcopin.com\/websites\/wordpress\/wp-content\/uploads\/2025\/11\/logo-seul.png","contentUrl":"https:\/\/interne.bcopin.com\/websites\/wordpress\/wp-content\/uploads\/2025\/11\/logo-seul.png","width":863,"height":444,"caption":"BCOPIN - Bertrand COPIN EI"},"image":{"@id":"https:\/\/www.bcopin.com\/#\/schema\/logo\/image\/"},"sameAs":["https:\/\/www.linkedin.com\/in\/bertrand-copin\/"]}]}},"_links":{"self":[{"href":"https:\/\/www.bcopin.com\/index.php?rest_route=\/wp\/v2\/pages\/32","targetHints":{"allow":["GET"]}}],"collection":[{"href":"https:\/\/www.bcopin.com\/index.php?rest_route=\/wp\/v2\/pages"}],"about":[{"href":"https:\/\/www.bcopin.com\/index.php?rest_route=\/wp\/v2\/types\/page"}],"author":[{"embeddable":true,"href":"https:\/\/www.bcopin.com\/index.php?rest_route=\/wp\/v2\/users\/1"}],"replies":[{"embeddable":true,"href":"https:\/\/www.bcopin.com\/index.php?rest_route=%2Fwp%2Fv2%2Fcomments&post=32"}],"version-history":[{"count":12,"href":"https:\/\/www.bcopin.com\/index.php?rest_route=\/wp\/v2\/pages\/32\/revisions"}],"predecessor-version":[{"id":207,"href":"https:\/\/www.bcopin.com\/index.php?rest_route=\/wp\/v2\/pages\/32\/revisions\/207"}],"wp:attachment":[{"href":"https:\/\/www.bcopin.com\/index.php?rest_route=%2Fwp%2Fv2%2Fmedia&parent=32"}],"curies":[{"name":"wp","href":"https:\/\/api.w.org\/{rel}","templated":true}]}}